{"id":3588,"date":"2022-01-20T15:48:22","date_gmt":"2022-04-12T15:39:24","guid":{"rendered":"https:\/\/www.ostmarina.lt\/product\/ewincher-2-baterija\/"},"modified":"2022-04-12T17:40:41","modified_gmt":"2022-04-12T15:40:41","slug":"ewincher-2-baterija","status":"publish","type":"product","link":"https:\/\/www.ostmarina.lt\/lt\/product\/ewincher-2-baterija\/","title":{"rendered":"Ewincher 2 baterija"},"content":{"rendered":"<p>Ewincher 2 turi nuimam\u0105 baterij\u0105, o tai rei\u0161kia, kad prireikus galima tur\u0117ti papildom\u0105 baterij\u0105. Ta\u010diau akumuliatoriaus autonomija daugeliu atvej\u0173 suteikia pakankamai energijos, tod\u0117l ne visada patartina naudoti papildom\u0105 baterij\u0105. Nerekomenduojame to naudoti trumpesn\u0117ms nei 45 p\u0117d\u0173 jachtoms.<\/p>\n<p>Pateikiame pavyzd\u012f: 40 p\u0117d\u0173 ne sportin\u0117je jachtoje vienu akumuliatoriaus \u012fkrovimu galite pakelti pagrindin\u0119 bur\u0119 3 kartus <b>IR<\/b> atlikti 35 vendus (genujos \u0161otai traukiami tik su Ewincher), ko daugumai vartotoj\u0173 u\u017etenka vienai buriavimo dienai. Tada tiek 12V, tiek 220V baterija \u012fkraunama per 1:30val.<\/p>\n<p>\u0160iaip visada yra galimyb\u0117 v\u0117liau prireikus \u012fsigyti papildom\u0105 baterij\u0105.<\/p>\n","protected":false},"excerpt":{"rendered":"<p>Ewincher 2 turi nuimam\u0105 baterij\u0105, o tai rei\u0161kia, kad prireikus galima tur\u0117ti papildom\u0105 baterij\u0105. Ta\u010diau akumuliatoriaus autonomija daugeliu atvej\u0173 suteikia pakankamai energijos, tod\u0117l ne visada patartina naudoti papildom\u0105 baterij\u0105. Nerekomenduojame to naudoti trumpesn\u0117ms nei 45 p\u0117d\u0173 jachtoms.<\/p>\n","protected":false},"featured_media":3536,"comment_status":"open","ping_status":"closed","template":"","meta":[],"product_cat":[78,77],"product_tag":[82,80,81],"class_list":{"0":"post-3588","1":"product","2":"type-product","3":"status-publish","4":"has-post-thumbnail","6":"product_cat-buriavimas","7":"product_cat-elektronika","8":"product_tag-baterija","9":"product_tag-ewincher-lt","10":"product_tag-ewincher-baterija","12":"first","13":"onbackorder","14":"shipping-taxable","15":"purchasable","16":"product-type-simple"},"yoast_head":"<!-- This site is optimized with the Yoast SEO plugin v23.5 - https:\/\/yoast.com\/wordpress\/plugins\/seo\/ -->\n<title>Ewincher 2 baterija - Ostmarina.lt<\/title>\n<meta name=\"robots\" content=\"index, follow, max-snippet:-1, max-image-preview:large, max-video-preview:-1\" \/>\n<link rel=\"canonical\" href=\"https:\/\/www.ostmarina.lt\/lt\/product\/ewincher-2-baterija\/\" \/>\n<meta property=\"og:locale\" content=\"lt_LT\" \/>\n<meta property=\"og:type\" content=\"article\" \/>\n<meta property=\"og:title\" content=\"Ewincher 2 baterija - Ostmarina.lt\" \/>\n<meta property=\"og:description\" content=\"Ewincher 2 turi nuimam\u0105 baterij\u0105, o tai rei\u0161kia, kad prireikus galima tur\u0117ti papildom\u0105 baterij\u0105. Ta\u010diau akumuliatoriaus autonomija daugeliu atvej\u0173 suteikia pakankamai energijos, tod\u0117l ne visada patartina naudoti papildom\u0105 baterij\u0105. Nerekomenduojame to naudoti trumpesn\u0117ms nei 45 p\u0117d\u0173 jachtoms.\" \/>\n<meta property=\"og:url\" content=\"https:\/\/www.ostmarina.lt\/lt\/product\/ewincher-2-baterija\/\" \/>\n<meta property=\"og:site_name\" content=\"Ostmarina.lt\" \/>\n<meta property=\"article:publisher\" content=\"https:\/\/www.facebook.com\/ostmarinabaltics\" \/>\n<meta property=\"article:modified_time\" content=\"2022-04-12T15:40:41+00:00\" \/>\n<meta property=\"og:image\" content=\"https:\/\/www.ostmarina.lt\/wp-content\/uploads\/2019\/12\/batterie-ewincher-2-web.jpg\" \/>\n\t<meta property=\"og:image:width\" content=\"800\" \/>\n\t<meta property=\"og:image:height\" content=\"426\" \/>\n\t<meta property=\"og:image:type\" content=\"image\/jpeg\" \/>\n<meta name=\"twitter:card\" content=\"summary_large_image\" \/>\n<script type=\"application\/ld+json\" class=\"yoast-schema-graph\">{\"@context\":\"https:\/\/schema.org\",\"@graph\":[{\"@type\":\"WebPage\",\"@id\":\"https:\/\/www.ostmarina.lt\/lt\/product\/ewincher-2-baterija\/\",\"url\":\"https:\/\/www.ostmarina.lt\/lt\/product\/ewincher-2-baterija\/\",\"name\":\"Ewincher 2 baterija - Ostmarina.lt\",\"isPartOf\":{\"@id\":\"https:\/\/www.ostmarina.lt\/#website\"},\"primaryImageOfPage\":{\"@id\":\"https:\/\/www.ostmarina.lt\/lt\/product\/ewincher-2-baterija\/#primaryimage\"},\"image\":{\"@id\":\"https:\/\/www.ostmarina.lt\/lt\/product\/ewincher-2-baterija\/#primaryimage\"},\"thumbnailUrl\":\"https:\/\/www.ostmarina.lt\/wp-content\/uploads\/2019\/12\/batterie-ewincher-2-web.jpg\",\"datePublished\":\"2022-04-12T15:39:24+00:00\",\"dateModified\":\"2022-04-12T15:40:41+00:00\",\"breadcrumb\":{\"@id\":\"https:\/\/www.ostmarina.lt\/lt\/product\/ewincher-2-baterija\/#breadcrumb\"},\"inLanguage\":\"lt-LT\",\"potentialAction\":[{\"@type\":\"ReadAction\",\"target\":[\"https:\/\/www.ostmarina.lt\/lt\/product\/ewincher-2-baterija\/\"]}]},{\"@type\":\"ImageObject\",\"inLanguage\":\"lt-LT\",\"@id\":\"https:\/\/www.ostmarina.lt\/lt\/product\/ewincher-2-baterija\/#primaryimage\",\"url\":\"https:\/\/www.ostmarina.lt\/wp-content\/uploads\/2019\/12\/batterie-ewincher-2-web.jpg\",\"contentUrl\":\"https:\/\/www.ostmarina.lt\/wp-content\/uploads\/2019\/12\/batterie-ewincher-2-web.jpg\",\"width\":800,\"height\":426,\"caption\":\"EWincher 2 baterija\"},{\"@type\":\"BreadcrumbList\",\"@id\":\"https:\/\/www.ostmarina.lt\/lt\/product\/ewincher-2-baterija\/#breadcrumb\",\"itemListElement\":[{\"@type\":\"ListItem\",\"position\":1,\"name\":\"Home\",\"item\":\"https:\/\/www.ostmarina.lt\/\"},{\"@type\":\"ListItem\",\"position\":2,\"name\":\"Shop\",\"item\":\"https:\/\/www.ostmarina.lt\/lt\/shop\/\"},{\"@type\":\"ListItem\",\"position\":3,\"name\":\"Ewincher 2 baterija\"}]},{\"@type\":\"WebSite\",\"@id\":\"https:\/\/www.ostmarina.lt\/#website\",\"url\":\"https:\/\/www.ostmarina.lt\/\",\"name\":\"Ostmarina.lt\",\"description\":\"Yacht service and repair\",\"publisher\":{\"@id\":\"https:\/\/www.ostmarina.lt\/#organization\"},\"potentialAction\":[{\"@type\":\"SearchAction\",\"target\":{\"@type\":\"EntryPoint\",\"urlTemplate\":\"https:\/\/www.ostmarina.lt\/?s={search_term_string}\"},\"query-input\":{\"@type\":\"PropertyValueSpecification\",\"valueRequired\":true,\"valueName\":\"search_term_string\"}}],\"inLanguage\":\"lt-LT\"},{\"@type\":\"Organization\",\"@id\":\"https:\/\/www.ostmarina.lt\/#organization\",\"name\":\"UAB Ambertip\",\"url\":\"https:\/\/www.ostmarina.lt\/\",\"logo\":{\"@type\":\"ImageObject\",\"inLanguage\":\"lt-LT\",\"@id\":\"https:\/\/www.ostmarina.lt\/#\/schema\/logo\/image\/\",\"url\":\"https:\/\/www.ostmarina.lt\/wp-content\/uploads\/2021\/01\/ostmarina-main-logo2-1.png\",\"contentUrl\":\"https:\/\/www.ostmarina.lt\/wp-content\/uploads\/2021\/01\/ostmarina-main-logo2-1.png\",\"width\":364,\"height\":106,\"caption\":\"UAB Ambertip\"},\"image\":{\"@id\":\"https:\/\/www.ostmarina.lt\/#\/schema\/logo\/image\/\"},\"sameAs\":[\"https:\/\/www.facebook.com\/ostmarinabaltics\"]}]}<\/script>\n<!-- \/ Yoast SEO plugin. -->","yoast_head_json":{"title":"Ewincher 2 baterija - Ostmarina.lt","robots":{"index":"index","follow":"follow","max-snippet":"max-snippet:-1","max-image-preview":"max-image-preview:large","max-video-preview":"max-video-preview:-1"},"canonical":"https:\/\/www.ostmarina.lt\/lt\/product\/ewincher-2-baterija\/","og_locale":"lt_LT","og_type":"article","og_title":"Ewincher 2 baterija - Ostmarina.lt","og_description":"Ewincher 2 turi nuimam\u0105 baterij\u0105, o tai rei\u0161kia, kad prireikus galima tur\u0117ti papildom\u0105 baterij\u0105. Ta\u010diau akumuliatoriaus autonomija daugeliu atvej\u0173 suteikia pakankamai energijos, tod\u0117l ne visada patartina naudoti papildom\u0105 baterij\u0105. Nerekomenduojame to naudoti trumpesn\u0117ms nei 45 p\u0117d\u0173 jachtoms.","og_url":"https:\/\/www.ostmarina.lt\/lt\/product\/ewincher-2-baterija\/","og_site_name":"Ostmarina.lt","article_publisher":"https:\/\/www.facebook.com\/ostmarinabaltics","article_modified_time":"2022-04-12T15:40:41+00:00","og_image":[{"width":800,"height":426,"url":"https:\/\/www.ostmarina.lt\/wp-content\/uploads\/2019\/12\/batterie-ewincher-2-web.jpg","type":"image\/jpeg"}],"twitter_card":"summary_large_image","schema":{"@context":"https:\/\/schema.org","@graph":[{"@type":"WebPage","@id":"https:\/\/www.ostmarina.lt\/lt\/product\/ewincher-2-baterija\/","url":"https:\/\/www.ostmarina.lt\/lt\/product\/ewincher-2-baterija\/","name":"Ewincher 2 baterija - Ostmarina.lt","isPartOf":{"@id":"https:\/\/www.ostmarina.lt\/#website"},"primaryImageOfPage":{"@id":"https:\/\/www.ostmarina.lt\/lt\/product\/ewincher-2-baterija\/#primaryimage"},"image":{"@id":"https:\/\/www.ostmarina.lt\/lt\/product\/ewincher-2-baterija\/#primaryimage"},"thumbnailUrl":"https:\/\/www.ostmarina.lt\/wp-content\/uploads\/2019\/12\/batterie-ewincher-2-web.jpg","datePublished":"2022-04-12T15:39:24+00:00","dateModified":"2022-04-12T15:40:41+00:00","breadcrumb":{"@id":"https:\/\/www.ostmarina.lt\/lt\/product\/ewincher-2-baterija\/#breadcrumb"},"inLanguage":"lt-LT","potentialAction":[{"@type":"ReadAction","target":["https:\/\/www.ostmarina.lt\/lt\/product\/ewincher-2-baterija\/"]}]},{"@type":"ImageObject","inLanguage":"lt-LT","@id":"https:\/\/www.ostmarina.lt\/lt\/product\/ewincher-2-baterija\/#primaryimage","url":"https:\/\/www.ostmarina.lt\/wp-content\/uploads\/2019\/12\/batterie-ewincher-2-web.jpg","contentUrl":"https:\/\/www.ostmarina.lt\/wp-content\/uploads\/2019\/12\/batterie-ewincher-2-web.jpg","width":800,"height":426,"caption":"EWincher 2 baterija"},{"@type":"BreadcrumbList","@id":"https:\/\/www.ostmarina.lt\/lt\/product\/ewincher-2-baterija\/#breadcrumb","itemListElement":[{"@type":"ListItem","position":1,"name":"Home","item":"https:\/\/www.ostmarina.lt\/"},{"@type":"ListItem","position":2,"name":"Shop","item":"https:\/\/www.ostmarina.lt\/lt\/shop\/"},{"@type":"ListItem","position":3,"name":"Ewincher 2 baterija"}]},{"@type":"WebSite","@id":"https:\/\/www.ostmarina.lt\/#website","url":"https:\/\/www.ostmarina.lt\/","name":"Ostmarina.lt","description":"Yacht service and repair","publisher":{"@id":"https:\/\/www.ostmarina.lt\/#organization"},"potentialAction":[{"@type":"SearchAction","target":{"@type":"EntryPoint","urlTemplate":"https:\/\/www.ostmarina.lt\/?s={search_term_string}"},"query-input":{"@type":"PropertyValueSpecification","valueRequired":true,"valueName":"search_term_string"}}],"inLanguage":"lt-LT"},{"@type":"Organization","@id":"https:\/\/www.ostmarina.lt\/#organization","name":"UAB Ambertip","url":"https:\/\/www.ostmarina.lt\/","logo":{"@type":"ImageObject","inLanguage":"lt-LT","@id":"https:\/\/www.ostmarina.lt\/#\/schema\/logo\/image\/","url":"https:\/\/www.ostmarina.lt\/wp-content\/uploads\/2021\/01\/ostmarina-main-logo2-1.png","contentUrl":"https:\/\/www.ostmarina.lt\/wp-content\/uploads\/2021\/01\/ostmarina-main-logo2-1.png","width":364,"height":106,"caption":"UAB Ambertip"},"image":{"@id":"https:\/\/www.ostmarina.lt\/#\/schema\/logo\/image\/"},"sameAs":["https:\/\/www.facebook.com\/ostmarinabaltics"]}]}},"_links":{"self":[{"href":"https:\/\/www.ostmarina.lt\/lt\/wp-json\/wp\/v2\/product\/3588"}],"collection":[{"href":"https:\/\/www.ostmarina.lt\/lt\/wp-json\/wp\/v2\/product"}],"about":[{"href":"https:\/\/www.ostmarina.lt\/lt\/wp-json\/wp\/v2\/types\/product"}],"replies":[{"embeddable":true,"href":"https:\/\/www.ostmarina.lt\/lt\/wp-json\/wp\/v2\/comments?post=3588"}],"version-history":[{"count":1,"href":"https:\/\/www.ostmarina.lt\/lt\/wp-json\/wp\/v2\/product\/3588\/revisions"}],"predecessor-version":[{"id":3589,"href":"https:\/\/www.ostmarina.lt\/lt\/wp-json\/wp\/v2\/product\/3588\/revisions\/3589"}],"wp:featuredmedia":[{"embeddable":true,"href":"https:\/\/www.ostmarina.lt\/lt\/wp-json\/wp\/v2\/media\/3536"}],"wp:attachment":[{"href":"https:\/\/www.ostmarina.lt\/lt\/wp-json\/wp\/v2\/media?parent=3588"}],"wp:term":[{"taxonomy":"product_cat","embeddable":true,"href":"https:\/\/www.ostmarina.lt\/lt\/wp-json\/wp\/v2\/product_cat?post=3588"},{"taxonomy":"product_tag","embeddable":true,"href":"https:\/\/www.ostmarina.lt\/lt\/wp-json\/wp\/v2\/product_tag?post=3588"}],"curies":[{"name":"wp","href":"https:\/\/api.w.org\/{rel}","templated":true}]}}